{"id":1300,"date":"2022-07-08T13:52:18","date_gmt":"2022-07-08T11:52:18","guid":{"rendered":"https:\/\/roggiadeicedri.it\/?page_id=1300"},"modified":"2023-01-11T17:46:54","modified_gmt":"2023-01-11T16:46:54","slug":"cookie-policy","status":"publish","type":"page","link":"https:\/\/roggiadeicedri.it\/en\/cookie-policy\/","title":{"rendered":"Cookie Policy"},"content":{"rendered":"\t\t<div data-elementor-type=\"wp-page\" data-elementor-id=\"1300\" class=\"elementor elementor-1300\">\n\t\t\t\t\t\t\t\t\t<section class=\"elementor-section elementor-top-section elementor-element elementor-element-8e6d049 elementor-section-height-min-height elementor-section-boxed elementor-section-height-default elementor-section-items-middle\" data-id=\"8e6d049\" data-element_type=\"section\" data-settings=\"{&quot;background_background&quot;:&quot;classic&quot;}\">\n\t\t\t\t\t\t\t<div class=\"elementor-background-overlay\"><\/div>\n\t\t\t\t\t\t\t<div class=\"elementor-container elementor-column-gap-default\">\n\t\t\t\t\t<div class=\"elementor-column elementor-col-100 elementor-top-column elementor-element elementor-element-5a13caf\" data-id=\"5a13caf\" data-element_type=\"column\">\n\t\t\t<div class=\"elementor-widget-wrap elementor-element-populated\">\n\t\t\t\t\t\t\t\t<div class=\"elementor-element elementor-element-6c20cb7 elementor-widget elementor-widget-heading\" data-id=\"6c20cb7\" data-element_type=\"widget\" data-widget_type=\"heading.default\">\n\t\t\t\t<div class=\"elementor-widget-container\">\n\t\t\t<h1 class=\"elementor-heading-title elementor-size-default\">Cookie Policy<\/h1>\t\t<\/div>\n\t\t\t\t<\/div>\n\t\t\t\t\t<\/div>\n\t\t<\/div>\n\t\t\t\t\t\t\t<\/div>\n\t\t<\/section>\n\t\t\t\t<section class=\"elementor-section elementor-top-section elementor-element elementor-element-ada2e28 elementor-section-boxed elementor-section-height-default elementor-section-height-default\" data-id=\"ada2e28\" data-element_type=\"section\" data-settings=\"{&quot;background_background&quot;:&quot;classic&quot;}\">\n\t\t\t\t\t\t\t<div class=\"elementor-background-overlay\"><\/div>\n\t\t\t\t\t\t\t<div class=\"elementor-container elementor-column-gap-default\">\n\t\t\t\t\t<div class=\"elementor-column elementor-col-100 elementor-top-column elementor-element elementor-element-e0464ca\" data-id=\"e0464ca\" data-element_type=\"column\">\n\t\t\t<div class=\"elementor-widget-wrap elementor-element-populated\">\n\t\t\t\t\t\t\t\t<div class=\"elementor-element elementor-element-55278f8 elementor-widget elementor-widget-breadcrumbs\" data-id=\"55278f8\" data-element_type=\"widget\" data-widget_type=\"breadcrumbs.default\">\n\t\t\t\t<div class=\"elementor-widget-container\">\n\t\t\t<p id=\"breadcrumbs\"><span><span><a href=\"https:\/\/roggiadeicedri.it\/\">Home<\/a><\/span><\/span><\/p>\t\t<\/div>\n\t\t\t\t<\/div>\n\t\t\t\t<section class=\"elementor-section elementor-inner-section elementor-element elementor-element-c651451 elementor-section-boxed elementor-section-height-default elementor-section-height-default\" data-id=\"c651451\" data-element_type=\"section\">\n\t\t\t\t\t\t<div class=\"elementor-container elementor-column-gap-default\">\n\t\t\t\t\t<div class=\"elementor-column elementor-col-100 elementor-inner-column elementor-element elementor-element-4779a2c\" data-id=\"4779a2c\" data-element_type=\"column\">\n\t\t\t<div class=\"elementor-widget-wrap elementor-element-populated\">\n\t\t\t\t\t\t\t\t<div class=\"elementor-element elementor-element-4c8e55a elementor-widget elementor-widget-text-editor\" data-id=\"4c8e55a\" data-element_type=\"widget\" data-widget_type=\"text-editor.default\">\n\t\t\t\t<div class=\"elementor-widget-container\">\n\t\t\t\t\t\t\t<p>Utilizziamo con WordPress solo cookies tecnici, indispensabili per il funzionamento del sito. Questo tipo di cookies non necessita del consenso dei navigatori. Mentre utilizziamo cookies di terze parti per raccogliere informazioni statistiche. Questo tipo di cookies necessita del consenso dei navigatori. Il consenso si intende accordato anche in modo implicito se l\u2019utente prosegue la sua navigazione nel sito.<\/p><p>I cookies sono dei semplici file di testo non necessariamente invasivi. Per esempio se clicchi nel pulsante \u201cAccetto\u201d un cookie si installer\u00e0 nel tuo browser e il sistema sar\u00e0 in grado di capire che tu hai gi\u00e0 letto queste note o che comunque conosci la materia ed eviter\u00e0 cos\u00ec di mostrarti questo fastidioso avviso tutte le volte che cambierai pagina o nelle visite successive al nostro sito.<\/p><p>In questo sito come detto, oltre ai cookies tecnici utilizzo cookies che profilano e registrano le abitudini di navigazione degli utenti dato che raccolgo le statistiche del sito con google analytics.<\/p><p>Vai qui per approfondire la policy di google: http:\/\/www.google.com\/policies\/technologies\/cookies\/<\/p><p>Vai qui per approfondire la policy di facebook: https:\/\/it-it.facebook.com\/about\/privacy<\/p><p>Vai qui per approfondire la policy di twitter: https:\/\/support.twitter.com\/articles\/20170519-uso-dei-cookie-e-di-altre-tecnologie-simili-da-parte-di-twitter<\/p><p>Visita AboutCookies.org per ulteriori informazioni sui cookies e su come influenzano la tua esperienza di navigazione.<\/p><p>\u00c8 comunque possibile disabilitare i cookies direttamente dal proprio browser. Per informazioni pi\u00f9 dettagliate in riferimento alle opzioni di disabilitazione dei cookies ecco l\u2019elenco dei link per la configurazione dei browser.<\/p><p>\u00a0<\/p><p>Se desideri eliminare i file cookies eventualmente gi\u00e0 presenti sul tuo computer, leggi le istruzioni del tuo browser cliccando sulla voce \u201cAiuto\u201d del relativo menu.<\/p>\t\t\t\t\t\t<\/div>\n\t\t\t\t<\/div>\n\t\t\t\t\t<\/div>\n\t\t<\/div>\n\t\t\t\t\t\t\t<\/div>\n\t\t<\/section>\n\t\t\t\t\t<\/div>\n\t\t<\/div>\n\t\t\t\t\t\t\t<\/div>\n\t\t<\/section>\n\t\t\t\t\t\t\t<\/div>\n\t\t","protected":false},"excerpt":{"rendered":"<p>Cookie Policy Utilizziamo con WordPress solo cookies tecnici, indispensabili per il funzionamento del sito. Questo tipo di cookies non necessita del consenso dei navigatori. Mentre utilizziamo cookies di terze parti per raccogliere informazioni statistiche. Questo tipo di cookies necessita del consenso dei navigatori. Il consenso si intende accordato anche in modo implicito se l\u2019utente prosegue [&hellip;]<\/p>\n","protected":false},"author":1,"featured_media":0,"parent":0,"menu_order":0,"comment_status":"closed","ping_status":"closed","template":"","meta":[],"yoast_head":"<!-- This site is optimized with the Yoast SEO plugin v20.1 - https:\/\/yoast.com\/wordpress\/plugins\/seo\/ -->\n<title>Cookie Policy - Roggia dei Cedri<\/title>\n<meta name=\"description\" content=\"Cookie Policy Utilizziamo con WordPress solo cookies tecnici, indispensabili per il funzionamento del sito. Questo tipo di cookies non necessita del consenso dei navigatori. Mentre utilizziamo cookies di terze parti per raccogliere informazioni statistiche. Questo tipo di cookies necessita del consenso dei navigatori. Il consenso si intende accordato anche in modo implicito se l\u2019utente prosegue&hellip;\" \/>\n<meta name=\"robots\" content=\"index, follow, max-snippet:-1, max-image-preview:large, max-video-preview:-1\" \/>\n<link rel=\"canonical\" href=\"https:\/\/roggiadeicedri.it\/en\/cookie-policy\/\" \/>\n<meta property=\"og:locale\" content=\"en_GB\" \/>\n<meta property=\"og:type\" content=\"article\" \/>\n<meta property=\"og:title\" content=\"Cookie Policy - Roggia dei Cedri\" \/>\n<meta property=\"og:description\" content=\"Cookie Policy Utilizziamo con WordPress solo cookies tecnici, indispensabili per il funzionamento del sito. Questo tipo di cookies non necessita del consenso dei navigatori. Mentre utilizziamo cookies di terze parti per raccogliere informazioni statistiche. Questo tipo di cookies necessita del consenso dei navigatori. Il consenso si intende accordato anche in modo implicito se l\u2019utente prosegue&hellip;\" \/>\n<meta property=\"og:url\" content=\"https:\/\/roggiadeicedri.it\/en\/cookie-policy\/\" \/>\n<meta property=\"og:site_name\" content=\"Roggia dei Cedri\" \/>\n<meta property=\"article:modified_time\" content=\"2023-01-11T16:46:54+00:00\" \/>\n<meta name=\"twitter:card\" content=\"summary_large_image\" \/>\n<meta name=\"twitter:label1\" content=\"Estimated reading time\" \/>\n\t<meta name=\"twitter:data1\" content=\"2 minutes\" \/>\n<script type=\"application\/ld+json\" class=\"yoast-schema-graph\">{\"@context\":\"https:\/\/schema.org\",\"@graph\":[{\"@type\":\"WebPage\",\"@id\":\"https:\/\/roggiadeicedri.it\/en\/en\/cookie-policy\/\",\"url\":\"https:\/\/roggiadeicedri.it\/en\/en\/cookie-policy\/\",\"name\":\"Cookie Policy - Roggia dei Cedri\",\"isPartOf\":{\"@id\":\"https:\/\/roggiadeicedri.it\/#website\"},\"datePublished\":\"2022-07-08T11:52:18+00:00\",\"dateModified\":\"2023-01-11T16:46:54+00:00\",\"breadcrumb\":{\"@id\":\"https:\/\/roggiadeicedri.it\/en\/cookie-policy\/#breadcrumb\"},\"inLanguage\":\"en-GB\",\"potentialAction\":[{\"@type\":\"ReadAction\",\"target\":[\"https:\/\/roggiadeicedri.it\/en\/cookie-policy\/\"]}]},{\"@type\":\"BreadcrumbList\",\"@id\":\"https:\/\/roggiadeicedri.it\/en\/cookie-policy\/#breadcrumb\",\"itemListElement\":[{\"@type\":\"ListItem\",\"position\":1,\"name\":\"Home\",\"item\":\"https:\/\/roggiadeicedri.it\/\"},{\"@type\":\"ListItem\",\"position\":2,\"name\":\"Cookie Policy\"}]},{\"@type\":\"WebSite\",\"@id\":\"https:\/\/roggiadeicedri.it\/en\/#website\",\"url\":\"https:\/\/roggiadeicedri.it\/en\/\",\"name\":\"Roggia dei Cedri\",\"description\":\"A relaxing trip to Valdobbiadene\",\"publisher\":{\"@id\":\"https:\/\/roggiadeicedri.it\/en\/#organization\"},\"potentialAction\":[{\"@type\":\"SearchAction\",\"target\":{\"@type\":\"EntryPoint\",\"urlTemplate\":\"https:\/\/roggiadeicedri.it\/en\/?s={search_term_string}\"},\"query-input\":\"required name=search_term_string\"}],\"inLanguage\":\"en-GB\"},{\"@type\":\"Organization\",\"@id\":\"https:\/\/roggiadeicedri.it\/en\/#organization\",\"name\":\"Roggia dei Cedri\",\"url\":\"https:\/\/roggiadeicedri.it\/en\/\",\"logo\":{\"@type\":\"ImageObject\",\"inLanguage\":\"en-GB\",\"@id\":\"https:\/\/roggiadeicedri.it\/en\/#\/schema\/logo\/image\/\",\"url\":\"https:\/\/roggiadeicedri.it\/wp-content\/uploads\/2022\/06\/Logo-Roggia-dei-Cedri_trasparente.png\",\"contentUrl\":\"https:\/\/roggiadeicedri.it\/wp-content\/uploads\/2022\/06\/Logo-Roggia-dei-Cedri_trasparente.png\",\"width\":2084,\"height\":2084,\"caption\":\"Roggia dei Cedri\"},\"image\":{\"@id\":\"https:\/\/roggiadeicedri.it\/en\/#\/schema\/logo\/image\/\"}}]}<\/script>\n<!-- \/ Yoast SEO plugin. -->","yoast_head_json":{"title":"Cookie Policy - Roggia dei Cedri","description":"Cookie Policy Utilizziamo con WordPress solo cookies tecnici, indispensabili per il funzionamento del sito. Questo tipo di cookies non necessita del consenso dei navigatori. Mentre utilizziamo cookies di terze parti per raccogliere informazioni statistiche. Questo tipo di cookies necessita del consenso dei navigatori. Il consenso si intende accordato anche in modo implicito se l\u2019utente prosegue&hellip;","robots":{"index":"index","follow":"follow","max-snippet":"max-snippet:-1","max-image-preview":"max-image-preview:large","max-video-preview":"max-video-preview:-1"},"canonical":"https:\/\/roggiadeicedri.it\/en\/cookie-policy\/","og_locale":"en_GB","og_type":"article","og_title":"Cookie Policy - Roggia dei Cedri","og_description":"Cookie Policy Utilizziamo con WordPress solo cookies tecnici, indispensabili per il funzionamento del sito. Questo tipo di cookies non necessita del consenso dei navigatori. Mentre utilizziamo cookies di terze parti per raccogliere informazioni statistiche. Questo tipo di cookies necessita del consenso dei navigatori. Il consenso si intende accordato anche in modo implicito se l\u2019utente prosegue&hellip;","og_url":"https:\/\/roggiadeicedri.it\/en\/cookie-policy\/","og_site_name":"Roggia dei Cedri","article_modified_time":"2023-01-11T16:46:54+00:00","twitter_card":"summary_large_image","twitter_misc":{"Estimated reading time":"2 minutes"},"schema":{"@context":"https:\/\/schema.org","@graph":[{"@type":"WebPage","@id":"https:\/\/roggiadeicedri.it\/en\/en\/cookie-policy\/","url":"https:\/\/roggiadeicedri.it\/en\/en\/cookie-policy\/","name":"Cookie Policy - Roggia dei Cedri","isPartOf":{"@id":"https:\/\/roggiadeicedri.it\/#website"},"datePublished":"2022-07-08T11:52:18+00:00","dateModified":"2023-01-11T16:46:54+00:00","breadcrumb":{"@id":"https:\/\/roggiadeicedri.it\/en\/cookie-policy\/#breadcrumb"},"inLanguage":"en-GB","potentialAction":[{"@type":"ReadAction","target":["https:\/\/roggiadeicedri.it\/en\/cookie-policy\/"]}]},{"@type":"BreadcrumbList","@id":"https:\/\/roggiadeicedri.it\/en\/cookie-policy\/#breadcrumb","itemListElement":[{"@type":"ListItem","position":1,"name":"Home","item":"https:\/\/roggiadeicedri.it\/"},{"@type":"ListItem","position":2,"name":"Cookie Policy"}]},{"@type":"WebSite","@id":"https:\/\/roggiadeicedri.it\/en\/#website","url":"https:\/\/roggiadeicedri.it\/en\/","name":"Roggia dei Cedri","description":"A relaxing trip to Valdobbiadene","publisher":{"@id":"https:\/\/roggiadeicedri.it\/en\/#organization"},"potentialAction":[{"@type":"SearchAction","target":{"@type":"EntryPoint","urlTemplate":"https:\/\/roggiadeicedri.it\/en\/?s={search_term_string}"},"query-input":"required name=search_term_string"}],"inLanguage":"en-GB"},{"@type":"Organization","@id":"https:\/\/roggiadeicedri.it\/en\/#organization","name":"Roggia dei Cedri","url":"https:\/\/roggiadeicedri.it\/en\/","logo":{"@type":"ImageObject","inLanguage":"en-GB","@id":"https:\/\/roggiadeicedri.it\/en\/#\/schema\/logo\/image\/","url":"https:\/\/roggiadeicedri.it\/wp-content\/uploads\/2022\/06\/Logo-Roggia-dei-Cedri_trasparente.png","contentUrl":"https:\/\/roggiadeicedri.it\/wp-content\/uploads\/2022\/06\/Logo-Roggia-dei-Cedri_trasparente.png","width":2084,"height":2084,"caption":"Roggia dei Cedri"},"image":{"@id":"https:\/\/roggiadeicedri.it\/en\/#\/schema\/logo\/image\/"}}]}},"_links":{"self":[{"href":"https:\/\/roggiadeicedri.it\/en\/wp-json\/wp\/v2\/pages\/1300"}],"collection":[{"href":"https:\/\/roggiadeicedri.it\/en\/wp-json\/wp\/v2\/pages"}],"about":[{"href":"https:\/\/roggiadeicedri.it\/en\/wp-json\/wp\/v2\/types\/page"}],"author":[{"embeddable":true,"href":"https:\/\/roggiadeicedri.it\/en\/wp-json\/wp\/v2\/users\/1"}],"replies":[{"embeddable":true,"href":"https:\/\/roggiadeicedri.it\/en\/wp-json\/wp\/v2\/comments?post=1300"}],"version-history":[{"count":14,"href":"https:\/\/roggiadeicedri.it\/en\/wp-json\/wp\/v2\/pages\/1300\/revisions"}],"predecessor-version":[{"id":2618,"href":"https:\/\/roggiadeicedri.it\/en\/wp-json\/wp\/v2\/pages\/1300\/revisions\/2618"}],"wp:attachment":[{"href":"https:\/\/roggiadeicedri.it\/en\/wp-json\/wp\/v2\/media?parent=1300"}],"curies":[{"name":"wp","href":"https:\/\/api.w.org\/{rel}","templated":true}]}}