{"id":1610,"date":"2022-07-18T10:15:47","date_gmt":"2022-07-18T08:15:47","guid":{"rendered":"https:\/\/roggiadeicedri.it\/?page_id=1610"},"modified":"2023-01-16T09:12:46","modified_gmt":"2023-01-16T08:12:46","slug":"progetto-por","status":"publish","type":"page","link":"https:\/\/roggiadeicedri.it\/de\/projekt-por\/","title":{"rendered":"Projekt POR"},"content":{"rendered":"\t\t<div data-elementor-type=\"wp-page\" data-elementor-id=\"1610\" class=\"elementor elementor-1610\">\n\t\t\t\t\t\t\t\t\t<section class=\"elementor-section elementor-top-section elementor-element elementor-element-64d5eb2 elementor-section-height-min-height elementor-section-boxed elementor-section-height-default elementor-section-items-middle\" data-id=\"64d5eb2\" data-element_type=\"section\" data-settings=\"{&quot;background_background&quot;:&quot;classic&quot;}\">\n\t\t\t\t\t\t\t<div class=\"elementor-background-overlay\"><\/div>\n\t\t\t\t\t\t\t<div class=\"elementor-container elementor-column-gap-default\">\n\t\t\t\t\t<div class=\"elementor-column elementor-col-100 elementor-top-column elementor-element elementor-element-4b7c391\" data-id=\"4b7c391\" data-element_type=\"column\">\n\t\t\t<div class=\"elementor-widget-wrap elementor-element-populated\">\n\t\t\t\t\t\t\t\t<div class=\"elementor-element elementor-element-5b71bee elementor-widget elementor-widget-heading\" data-id=\"5b71bee\" data-element_type=\"widget\" data-widget_type=\"heading.default\">\n\t\t\t\t<div class=\"elementor-widget-container\">\n\t\t\t<h3 class=\"elementor-heading-title elementor-size-default\">Eine gr\u00f6\u00dfere Region<\/h3>\t\t<\/div>\n\t\t\t\t<\/div>\n\t\t\t\t<div class=\"elementor-element elementor-element-16184e0 elementor-widget elementor-widget-heading\" data-id=\"16184e0\" data-element_type=\"widget\" data-widget_type=\"heading.default\">\n\t\t\t\t<div class=\"elementor-widget-container\">\n\t\t\t<h1 class=\"elementor-heading-title elementor-size-default\">Projekt POR<\/h1>\t\t<\/div>\n\t\t\t\t<\/div>\n\t\t\t\t\t<\/div>\n\t\t<\/div>\n\t\t\t\t\t\t\t<\/div>\n\t\t<\/section>\n\t\t\t\t<section class=\"elementor-section elementor-top-section elementor-element elementor-element-df58792 elementor-section-boxed elementor-section-height-default elementor-section-height-default\" data-id=\"df58792\" data-element_type=\"section\">\n\t\t\t\t\t\t<div class=\"elementor-container elementor-column-gap-default\">\n\t\t\t\t\t<div class=\"elementor-column elementor-col-100 elementor-top-column elementor-element elementor-element-da27262\" data-id=\"da27262\" data-element_type=\"column\">\n\t\t\t<div class=\"elementor-widget-wrap elementor-element-populated\">\n\t\t\t\t\t\t\t\t<div class=\"elementor-element elementor-element-be98246 elementor-widget elementor-widget-breadcrumbs\" data-id=\"be98246\" data-element_type=\"widget\" data-widget_type=\"breadcrumbs.default\">\n\t\t\t\t<div class=\"elementor-widget-container\">\n\t\t\t<p id=\"breadcrumbs\"><span><span><a href=\"https:\/\/roggiadeicedri.it\/\">Startseite<\/a><\/span><\/span><\/p>\t\t<\/div>\n\t\t\t\t<\/div>\n\t\t\t\t<div class=\"elementor-element elementor-element-67cc39c elementor-widget elementor-widget-heading\" data-id=\"67cc39c\" data-element_type=\"widget\" data-widget_type=\"heading.default\">\n\t\t\t\t<div class=\"elementor-widget-container\">\n\t\t\t<h3 class=\"elementor-heading-title elementor-size-default\">Achse 3 Aktion 3.34<\/h3>\t\t<\/div>\n\t\t\t\t<\/div>\n\t\t\t\t<div class=\"elementor-element elementor-element-8f1899b elementor-widget elementor-widget-heading\" data-id=\"8f1899b\" data-element_type=\"widget\" data-widget_type=\"heading.default\">\n\t\t\t\t<div class=\"elementor-widget-container\">\n\t\t\t<h2 class=\"elementor-heading-title elementor-size-default\">Roggia dei Cedri<\/h2>\t\t<\/div>\n\t\t\t\t<\/div>\n\t\t\t\t\t<\/div>\n\t\t<\/div>\n\t\t\t\t\t\t\t<\/div>\n\t\t<\/section>\n\t\t\t\t<section class=\"elementor-section elementor-top-section elementor-element elementor-element-943d7c6 elementor-section-boxed elementor-section-height-default elementor-section-height-default\" data-id=\"943d7c6\" data-element_type=\"section\">\n\t\t\t\t\t\t<div class=\"elementor-container elementor-column-gap-default\">\n\t\t\t\t\t<div class=\"elementor-column elementor-col-33 elementor-top-column elementor-element elementor-element-2b52aa6\" data-id=\"2b52aa6\" data-element_type=\"column\">\n\t\t\t<div class=\"elementor-widget-wrap elementor-element-populated\">\n\t\t\t\t\t\t\t\t<div class=\"elementor-element elementor-element-82d9672 elementor-widget elementor-widget-image\" data-id=\"82d9672\" data-element_type=\"widget\" data-widget_type=\"image.default\">\n\t\t\t\t<div class=\"elementor-widget-container\">\n\t\t\t\t\t\t\t\t\t\t\t\t\t\t\t<img decoding=\"async\" width=\"600\" height=\"300\" src=\"https:\/\/roggiadeicedri.it\/wp-content\/uploads\/2022\/07\/banner-por.jpg\" class=\"attachment-large size-large wp-image-1615\" alt=\"banner POR\" srcset=\"https:\/\/roggiadeicedri.it\/wp-content\/uploads\/2022\/07\/banner-por.jpg 600w, https:\/\/roggiadeicedri.it\/wp-content\/uploads\/2022\/07\/banner-por-300x150.jpg 300w\" sizes=\"(max-width: 600px) 100vw, 600px\" \/>\t\t\t\t\t\t\t\t\t\t\t\t\t\t\t<\/div>\n\t\t\t\t<\/div>\n\t\t\t\t\t<\/div>\n\t\t<\/div>\n\t\t\t\t<div class=\"elementor-column elementor-col-33 elementor-top-column elementor-element elementor-element-47966df\" data-id=\"47966df\" data-element_type=\"column\">\n\t\t\t<div class=\"elementor-widget-wrap elementor-element-populated\">\n\t\t\t\t\t\t\t\t<div class=\"elementor-element elementor-element-7176219 elementor-widget elementor-widget-image\" data-id=\"7176219\" data-element_type=\"widget\" data-widget_type=\"image.default\">\n\t\t\t\t<div class=\"elementor-widget-container\">\n\t\t\t\t\t\t\t\t\t\t\t\t\t\t\t<img decoding=\"async\" width=\"800\" height=\"402\" src=\"https:\/\/roggiadeicedri.it\/wp-content\/uploads\/2022\/07\/claim-por-1024x514.png\" class=\"attachment-large size-large wp-image-1616\" alt=\"claim POR\" srcset=\"https:\/\/roggiadeicedri.it\/wp-content\/uploads\/2022\/07\/claim-por-1024x514.png 1024w, https:\/\/roggiadeicedri.it\/wp-content\/uploads\/2022\/07\/claim-por-300x151.png 300w, https:\/\/roggiadeicedri.it\/wp-content\/uploads\/2022\/07\/claim-por-768x385.png 768w, https:\/\/roggiadeicedri.it\/wp-content\/uploads\/2022\/07\/claim-por.png 1040w\" sizes=\"(max-width: 800px) 100vw, 800px\" \/>\t\t\t\t\t\t\t\t\t\t\t\t\t\t\t<\/div>\n\t\t\t\t<\/div>\n\t\t\t\t\t<\/div>\n\t\t<\/div>\n\t\t\t\t<div class=\"elementor-column elementor-col-33 elementor-top-column elementor-element elementor-element-e9967b3\" data-id=\"e9967b3\" data-element_type=\"column\">\n\t\t\t<div class=\"elementor-widget-wrap elementor-element-populated\">\n\t\t\t\t\t\t\t\t<div class=\"elementor-element elementor-element-093d506 elementor-widget elementor-widget-image\" data-id=\"093d506\" data-element_type=\"widget\" data-widget_type=\"image.default\">\n\t\t\t\t<div class=\"elementor-widget-container\">\n\t\t\t\t\t\t\t\t\t\t\t\t\t\t\t<img decoding=\"async\" width=\"800\" height=\"720\" src=\"https:\/\/roggiadeicedri.it\/wp-content\/uploads\/2022\/07\/banner-por-1024x921.png\" class=\"attachment-large size-large wp-image-1614\" alt=\"Logo banner POR\" srcset=\"https:\/\/roggiadeicedri.it\/wp-content\/uploads\/2022\/07\/banner-por-1024x921.png 1024w, https:\/\/roggiadeicedri.it\/wp-content\/uploads\/2022\/07\/banner-por-300x270.png 300w, https:\/\/roggiadeicedri.it\/wp-content\/uploads\/2022\/07\/banner-por-768x691.png 768w, https:\/\/roggiadeicedri.it\/wp-content\/uploads\/2022\/07\/banner-por.png 1353w\" sizes=\"(max-width: 800px) 100vw, 800px\" \/>\t\t\t\t\t\t\t\t\t\t\t\t\t\t\t<\/div>\n\t\t\t\t<\/div>\n\t\t\t\t\t<\/div>\n\t\t<\/div>\n\t\t\t\t\t\t\t<\/div>\n\t\t<\/section>\n\t\t\t\t<section class=\"elementor-section elementor-top-section elementor-element elementor-element-900a92c elementor-section-boxed elementor-section-height-default elementor-section-height-default\" data-id=\"900a92c\" data-element_type=\"section\" data-settings=\"{&quot;background_background&quot;:&quot;classic&quot;}\">\n\t\t\t\t\t\t<div class=\"elementor-container elementor-column-gap-default\">\n\t\t\t\t\t<div class=\"elementor-column elementor-col-100 elementor-top-column elementor-element elementor-element-4806904\" data-id=\"4806904\" data-element_type=\"column\">\n\t\t\t<div class=\"elementor-widget-wrap elementor-element-populated\">\n\t\t\t\t\t\t\t\t<section class=\"elementor-section elementor-inner-section elementor-element elementor-element-173fc79 elementor-section-boxed elementor-section-height-default elementor-section-height-default\" data-id=\"173fc79\" data-element_type=\"section\">\n\t\t\t\t\t\t<div class=\"elementor-container elementor-column-gap-default\">\n\t\t\t\t\t<div class=\"elementor-column elementor-col-50 elementor-inner-column elementor-element elementor-element-9246539\" data-id=\"9246539\" data-element_type=\"column\">\n\t\t\t<div class=\"elementor-widget-wrap elementor-element-populated\">\n\t\t\t\t\t\t\t\t<div class=\"elementor-element elementor-element-77ffd50 elementor-widget elementor-widget-text-editor\" data-id=\"77ffd50\" data-element_type=\"widget\" data-widget_type=\"text-editor.default\">\n\t\t\t\t<div class=\"elementor-widget-container\">\n\t\t\t\t\t\t\t<p><strong>Das Projekt Roggia Dei Cedri<\/strong>, das im Rahmen <strong>des POR EFRE 2014-2020<\/strong> f\u00fcr die Region Venetien finanziert wird, umfasst den Bau von f\u00fcnf Einheiten f\u00fcr den Empfang von Touristen und die Errichtung eines Geb\u00e4udes, das unseren Antrag vervollst\u00e4ndigen wird.<\/p><p>Alle Ferienh\u00e4user in unserer Anlage sind mit einer Au\u00dfenverkleidung aus nat\u00fcrlichem Kastanienholz versehen und von zahlreichen immergr\u00fcnen B\u00e4umen umgeben.<\/p><p>Der Bew\u00e4sserungsgraben wurde hingegen aus dem Stein Biancone di Asiago gebaut.<\/p><p>Laut der Regionalregierung vom 12. Juli 2019 wurde das Projekt mit einer F\u00f6rderung in H\u00f6he von 100.000 Euro genehmigt.<\/p><p>Die Daten f\u00fcr das Projekt Roggia Dei Cedri sind:<br \/>&#8211; Achse 3<br \/>&#8211; Investitionspriorit\u00e4t 3<br \/>&#8211; Spezifisches Ziel 3.3<br \/>&#8211; Aktion 3.34<br \/>&#8211; Subaktion A<\/p>\t\t\t\t\t\t<\/div>\n\t\t\t\t<\/div>\n\t\t\t\t\t<\/div>\n\t\t<\/div>\n\t\t\t\t<div class=\"elementor-column elementor-col-50 elementor-inner-column elementor-element elementor-element-309fc5e elementor-hidden-mobile_extra elementor-hidden-mobile\" data-id=\"309fc5e\" data-element_type=\"column\" data-settings=\"{&quot;background_background&quot;:&quot;classic&quot;}\">\n\t\t\t<div class=\"elementor-widget-wrap\">\n\t\t\t\t\t\t\t\t\t<\/div>\n\t\t<\/div>\n\t\t\t\t\t\t\t<\/div>\n\t\t<\/section>\n\t\t\t\t<div class=\"elementor-element elementor-element-5ea792b elementor-widget elementor-widget-gallery\" data-id=\"5ea792b\" data-element_type=\"widget\" data-settings=\"{&quot;columns_tablet&quot;:3,&quot;columns_mobile&quot;:2,&quot;lazyload&quot;:&quot;yes&quot;,&quot;gallery_layout&quot;:&quot;grid&quot;,&quot;columns&quot;:4,&quot;gap&quot;:{&quot;unit&quot;:&quot;px&quot;,&quot;size&quot;:10,&quot;sizes&quot;:[]},&quot;gap_widescreen&quot;:{&quot;unit&quot;:&quot;px&quot;,&quot;size&quot;:&quot;&quot;,&quot;sizes&quot;:[]},&quot;gap_laptop&quot;:{&quot;unit&quot;:&quot;px&quot;,&quot;size&quot;:10,&quot;sizes&quot;:[]},&quot;gap_tablet_extra&quot;:{&quot;unit&quot;:&quot;px&quot;,&quot;size&quot;:10,&quot;sizes&quot;:[]},&quot;gap_tablet&quot;:{&quot;unit&quot;:&quot;px&quot;,&quot;size&quot;:10,&quot;sizes&quot;:[]},&quot;gap_mobile_extra&quot;:{&quot;unit&quot;:&quot;px&quot;,&quot;size&quot;:10,&quot;sizes&quot;:[]},&quot;gap_mobile&quot;:{&quot;unit&quot;:&quot;px&quot;,&quot;size&quot;:10,&quot;sizes&quot;:[]},&quot;link_to&quot;:&quot;file&quot;,&quot;aspect_ratio&quot;:&quot;3:2&quot;,&quot;overlay_background&quot;:&quot;yes&quot;,&quot;content_hover_animation&quot;:&quot;fade-in&quot;}\" data-widget_type=\"gallery.default\">\n\t\t\t\t<div class=\"elementor-widget-container\">\n\t\t\t\t\t<div class=\"elementor-gallery__container\">\n\t\t\t\t\t\t\t<a class=\"e-gallery-item elementor-gallery-item elementor-animated-content\" href=\"https:\/\/roggiadeicedri.it\/wp-content\/uploads\/2022\/06\/casette-alto.jpg\" data-elementor-open-lightbox=\"yes\" data-elementor-lightbox-slideshow=\"all-5ea792b\" data-elementor-lightbox-title=\"casette-alto\" data-e-action-hash=\"#elementor-action%3Aaction%3Dlightbox%26settings%3DeyJpZCI6MTA0MiwidXJsIjoiaHR0cHM6XC9cL3JvZ2dpYWRlaWNlZHJpLml0XC93cC1jb250ZW50XC91cGxvYWRzXC8yMDIyXC8wNlwvY2FzZXR0ZS1hbHRvLmpwZyIsInNsaWRlc2hvdyI6ImFsbC01ZWE3OTJiIn0%3D\">\n\t\t\t\t\t<div class=\"e-gallery-image elementor-gallery-item__image\" data-thumbnail=\"https:\/\/roggiadeicedri.it\/wp-content\/uploads\/2022\/06\/casette-alto-234x300.jpg\" data-width=\"234\" data-height=\"300\" alt=\"Esterno casette Roggia dei Cedri\" ><\/div>\n\t\t\t\t\t\t\t\t\t\t\t<div class=\"elementor-gallery-item__overlay\"><\/div>\n\t\t\t\t\t\t\t\t\t\t\t\t\t\t<\/a>\n\t\t\t\t\t\t\t<a class=\"e-gallery-item elementor-gallery-item elementor-animated-content\" href=\"https:\/\/roggiadeicedri.it\/wp-content\/uploads\/2022\/06\/casette-side-roggia.jpg\" data-elementor-open-lightbox=\"yes\" data-elementor-lightbox-slideshow=\"all-5ea792b\" data-elementor-lightbox-title=\"casette-side-roggia\" data-e-action-hash=\"#elementor-action%3Aaction%3Dlightbox%26settings%3DeyJpZCI6MTA0NywidXJsIjoiaHR0cHM6XC9cL3JvZ2dpYWRlaWNlZHJpLml0XC93cC1jb250ZW50XC91cGxvYWRzXC8yMDIyXC8wNlwvY2FzZXR0ZS1zaWRlLXJvZ2dpYS5qcGciLCJzbGlkZXNob3ciOiJhbGwtNWVhNzkyYiJ9\">\n\t\t\t\t\t<div class=\"e-gallery-image elementor-gallery-item__image\" data-thumbnail=\"https:\/\/roggiadeicedri.it\/wp-content\/uploads\/2022\/06\/casette-side-roggia-234x300.jpg\" data-width=\"234\" data-height=\"300\" alt=\"Esterno casette Roggia dei Cedri\" ><\/div>\n\t\t\t\t\t\t\t\t\t\t\t<div class=\"elementor-gallery-item__overlay\"><\/div>\n\t\t\t\t\t\t\t\t\t\t\t\t\t\t<\/a>\n\t\t\t\t\t\t\t<a class=\"e-gallery-item elementor-gallery-item elementor-animated-content\" href=\"https:\/\/roggiadeicedri.it\/wp-content\/uploads\/2022\/07\/esterno3.jpg\" data-elementor-open-lightbox=\"yes\" data-elementor-lightbox-slideshow=\"all-5ea792b\" data-elementor-lightbox-title=\"esterno3\" data-e-action-hash=\"#elementor-action%3Aaction%3Dlightbox%26settings%3DeyJpZCI6MTM1NiwidXJsIjoiaHR0cHM6XC9cL3JvZ2dpYWRlaWNlZHJpLml0XC93cC1jb250ZW50XC91cGxvYWRzXC8yMDIyXC8wN1wvZXN0ZXJubzMuanBnIiwic2xpZGVzaG93IjoiYWxsLTVlYTc5MmIifQ%3D%3D\">\n\t\t\t\t\t<div class=\"e-gallery-image elementor-gallery-item__image\" data-thumbnail=\"https:\/\/roggiadeicedri.it\/wp-content\/uploads\/2022\/07\/esterno3-300x300.jpg\" data-width=\"300\" data-height=\"300\" alt=\"Esterno casette Roggia dei Cedri con roggia\" ><\/div>\n\t\t\t\t\t\t\t\t\t\t\t<div class=\"elementor-gallery-item__overlay\"><\/div>\n\t\t\t\t\t\t\t\t\t\t\t\t\t\t<\/a>\n\t\t\t\t\t\t\t<a class=\"e-gallery-item elementor-gallery-item elementor-animated-content\" href=\"https:\/\/roggiadeicedri.it\/wp-content\/uploads\/2022\/06\/strutture-front.jpg\" data-elementor-open-lightbox=\"yes\" data-elementor-lightbox-slideshow=\"all-5ea792b\" data-elementor-lightbox-title=\"strutture-front\" data-e-action-hash=\"#elementor-action%3Aaction%3Dlightbox%26settings%3DeyJpZCI6MTA0NCwidXJsIjoiaHR0cHM6XC9cL3JvZ2dpYWRlaWNlZHJpLml0XC93cC1jb250ZW50XC91cGxvYWRzXC8yMDIyXC8wNlwvc3RydXR0dXJlLWZyb250LmpwZyIsInNsaWRlc2hvdyI6ImFsbC01ZWE3OTJiIn0%3D\">\n\t\t\t\t\t<div class=\"e-gallery-image elementor-gallery-item__image\" data-thumbnail=\"https:\/\/roggiadeicedri.it\/wp-content\/uploads\/2022\/06\/strutture-front-300x169.jpg\" data-width=\"300\" data-height=\"169\" alt=\"Esterno casette Roggia dei Cedri\" ><\/div>\n\t\t\t\t\t\t\t\t\t\t\t<div class=\"elementor-gallery-item__overlay\"><\/div>\n\t\t\t\t\t\t\t\t\t\t\t\t\t\t<\/a>\n\t\t\t\t\t\t\t<a class=\"e-gallery-item elementor-gallery-item elementor-animated-content\" href=\"https:\/\/roggiadeicedri.it\/wp-content\/uploads\/2022\/06\/strutture-alto-e1657544694725.jpg\" data-elementor-open-lightbox=\"yes\" data-elementor-lightbox-slideshow=\"all-5ea792b\" data-elementor-lightbox-title=\"strutture-alto\" data-e-action-hash=\"#elementor-action%3Aaction%3Dlightbox%26settings%3DeyJpZCI6MTA0NSwidXJsIjoiaHR0cHM6XC9cL3JvZ2dpYWRlaWNlZHJpLml0XC93cC1jb250ZW50XC91cGxvYWRzXC8yMDIyXC8wNlwvc3RydXR0dXJlLWFsdG8tZTE2NTc1NDQ2OTQ3MjUuanBnIiwic2xpZGVzaG93IjoiYWxsLTVlYTc5MmIifQ%3D%3D\">\n\t\t\t\t\t<div class=\"e-gallery-image elementor-gallery-item__image\" data-thumbnail=\"https:\/\/roggiadeicedri.it\/wp-content\/uploads\/2022\/06\/strutture-alto-e1657544694725-300x300.jpg\" data-width=\"300\" data-height=\"300\" alt=\"Esterno casette Roggia dei Cedri\" ><\/div>\n\t\t\t\t\t\t\t\t\t\t\t<div class=\"elementor-gallery-item__overlay\"><\/div>\n\t\t\t\t\t\t\t\t\t\t\t\t\t\t<\/a>\n\t\t\t\t\t\t\t<a class=\"e-gallery-item elementor-gallery-item elementor-animated-content\" href=\"https:\/\/roggiadeicedri.it\/wp-content\/uploads\/2022\/06\/vista-dall-alto-sized.jpg\" data-elementor-open-lightbox=\"yes\" data-elementor-lightbox-slideshow=\"all-5ea792b\" data-elementor-lightbox-title=\"vista-dall-alto-sized\" data-e-action-hash=\"#elementor-action%3Aaction%3Dlightbox%26settings%3DeyJpZCI6ODcxLCJ1cmwiOiJodHRwczpcL1wvcm9nZ2lhZGVpY2VkcmkuaXRcL3dwLWNvbnRlbnRcL3VwbG9hZHNcLzIwMjJcLzA2XC92aXN0YS1kYWxsLWFsdG8tc2l6ZWQuanBnIiwic2xpZGVzaG93IjoiYWxsLTVlYTc5MmIifQ%3D%3D\">\n\t\t\t\t\t<div class=\"e-gallery-image elementor-gallery-item__image\" data-thumbnail=\"https:\/\/roggiadeicedri.it\/wp-content\/uploads\/2022\/06\/vista-dall-alto-sized-300x169.jpg\" data-width=\"300\" data-height=\"169\" alt=\"Esterno casette Roggia dei Cedri\" ><\/div>\n\t\t\t\t\t\t\t\t\t\t\t<div class=\"elementor-gallery-item__overlay\"><\/div>\n\t\t\t\t\t\t\t\t\t\t\t\t\t\t<\/a>\n\t\t\t\t\t<\/div>\n\t\t\t<\/div>\n\t\t\t\t<\/div>\n\t\t\t\t\t<\/div>\n\t\t<\/div>\n\t\t\t\t\t\t\t<\/div>\n\t\t<\/section>\n\t\t\t\t\t\t\t<\/div>\n\t\t","protected":false},"excerpt":{"rendered":"<p>Una regione pi\u00f9 grande Progetto POR Asse 3 Azione 3.34 Roggia dei Cedri Il\u00a0progetto Roggia dei Cedri finanziato con il POR FESR 2014-2020 per la Regione Veneto consiste nella\u00a0realizzazione\u00a0 di cinque unit\u00e0 per l\u2019accoglienza dei turisti e nel futuro di un edificio che completer\u00e0 la nostra proposta. Tutte le casette del nostro resort sono costruite [&hellip;]<\/p>\n","protected":false},"author":1,"featured_media":1614,"parent":0,"menu_order":0,"comment_status":"closed","ping_status":"closed","template":"","meta":[],"yoast_head":"<!-- This site is optimized with the Yoast SEO plugin v20.1 - https:\/\/yoast.com\/wordpress\/plugins\/seo\/ -->\n<title>Projekt POR - Roggia dei Cedri<\/title>\n<meta name=\"robots\" content=\"index, follow, max-snippet:-1, max-image-preview:large, max-video-preview:-1\" \/>\n<link rel=\"canonical\" href=\"https:\/\/roggiadeicedri.it\/de\/projekt-por\/\" \/>\n<meta property=\"og:locale\" content=\"de_DE\" \/>\n<meta property=\"og:type\" content=\"article\" \/>\n<meta property=\"og:title\" content=\"Projekt POR - Roggia dei Cedri\" \/>\n<meta property=\"og:url\" content=\"https:\/\/roggiadeicedri.it\/de\/projekt-por\/\" \/>\n<meta property=\"og:site_name\" content=\"Roggia dei Cedri\" \/>\n<meta property=\"article:modified_time\" content=\"2023-01-16T08:12:46+00:00\" \/>\n<meta property=\"og:image\" content=\"https:\/\/roggiadeicedri.it\/wp-content\/uploads\/2022\/07\/banner-por.png\" \/>\n\t<meta property=\"og:image:width\" content=\"1353\" \/>\n\t<meta property=\"og:image:height\" content=\"1217\" \/>\n\t<meta property=\"og:image:type\" content=\"image\/png\" \/>\n<meta name=\"twitter:card\" content=\"summary_large_image\" \/>\n<meta name=\"twitter:label1\" content=\"Est. reading time\" \/>\n\t<meta name=\"twitter:data1\" content=\"2 Minuten\" \/>\n<script type=\"application\/ld+json\" class=\"yoast-schema-graph\">{\"@context\":\"https:\/\/schema.org\",\"@graph\":[{\"@type\":\"WebPage\",\"@id\":\"https:\/\/roggiadeicedri.it\/de\/de\/projekt-por\/\",\"url\":\"https:\/\/roggiadeicedri.it\/de\/de\/projekt-por\/\",\"name\":\"Progetto POR - Roggia dei Cedri\",\"isPartOf\":{\"@id\":\"https:\/\/roggiadeicedri.it\/#website\"},\"datePublished\":\"2022-07-18T08:15:47+00:00\",\"dateModified\":\"2023-01-16T08:12:46+00:00\",\"description\":\"Il nostro resort naturalistico Roggia dei Cedri, struttura finanziata con i fondi del progetto POR FESR stanziati per la regione Veneto\",\"breadcrumb\":{\"@id\":\"https:\/\/roggiadeicedri.it\/de\/projekt-por\/#breadcrumb\"},\"inLanguage\":\"de-CH\",\"potentialAction\":[{\"@type\":\"ReadAction\",\"target\":[\"https:\/\/roggiadeicedri.it\/de\/projekt-por\/\"]}]},{\"@type\":\"BreadcrumbList\",\"@id\":\"https:\/\/roggiadeicedri.it\/de\/projekt-por\/#breadcrumb\",\"itemListElement\":[{\"@type\":\"ListItem\",\"position\":1,\"name\":\"Startseite\",\"item\":\"https:\/\/roggiadeicedri.it\/\"},{\"@type\":\"ListItem\",\"position\":2,\"name\":\"Projekt POR\"}]},{\"@type\":\"WebSite\",\"@id\":\"https:\/\/roggiadeicedri.it\/de\/#website\",\"url\":\"https:\/\/roggiadeicedri.it\/de\/\",\"name\":\"Roggia dei Cedri\",\"description\":\"Ein entspannender Ausflug nach Valdobbiadene\",\"publisher\":{\"@id\":\"https:\/\/roggiadeicedri.it\/de\/#organization\"},\"potentialAction\":[{\"@type\":\"SearchAction\",\"target\":{\"@type\":\"EntryPoint\",\"urlTemplate\":\"https:\/\/roggiadeicedri.it\/de\/?s={search_term_string}\"},\"query-input\":\"required name=search_term_string\"}],\"inLanguage\":\"de-CH\"},{\"@type\":\"Organization\",\"@id\":\"https:\/\/roggiadeicedri.it\/de\/#organization\",\"name\":\"Roggia dei Cedri\",\"url\":\"https:\/\/roggiadeicedri.it\/de\/\",\"logo\":{\"@type\":\"ImageObject\",\"inLanguage\":\"de-CH\",\"@id\":\"https:\/\/roggiadeicedri.it\/de\/#\/schema\/logo\/image\/\",\"url\":\"https:\/\/roggiadeicedri.it\/wp-content\/uploads\/2022\/06\/Logo-Roggia-dei-Cedri_trasparente.png\",\"contentUrl\":\"https:\/\/roggiadeicedri.it\/wp-content\/uploads\/2022\/06\/Logo-Roggia-dei-Cedri_trasparente.png\",\"width\":2084,\"height\":2084,\"caption\":\"Roggia dei Cedri\"},\"image\":{\"@id\":\"https:\/\/roggiadeicedri.it\/de\/#\/schema\/logo\/image\/\"}}]}<\/script>\n<!-- \/ Yoast SEO plugin. -->","yoast_head_json":{"title":"Projekt POR - Roggia dei Cedri","robots":{"index":"index","follow":"follow","max-snippet":"max-snippet:-1","max-image-preview":"max-image-preview:large","max-video-preview":"max-video-preview:-1"},"canonical":"https:\/\/roggiadeicedri.it\/de\/projekt-por\/","og_locale":"de_DE","og_type":"article","og_title":"Projekt POR - Roggia dei Cedri","og_url":"https:\/\/roggiadeicedri.it\/de\/projekt-por\/","og_site_name":"Roggia dei Cedri","article_modified_time":"2023-01-16T08:12:46+00:00","og_image":[{"width":1353,"height":1217,"url":"https:\/\/roggiadeicedri.it\/wp-content\/uploads\/2022\/07\/banner-por.png","type":"image\/png"}],"twitter_card":"summary_large_image","twitter_misc":{"Est. reading time":"2 Minuten"},"schema":{"@context":"https:\/\/schema.org","@graph":[{"@type":"WebPage","@id":"https:\/\/roggiadeicedri.it\/de\/de\/projekt-por\/","url":"https:\/\/roggiadeicedri.it\/de\/de\/projekt-por\/","name":"Progetto POR - Roggia dei Cedri","isPartOf":{"@id":"https:\/\/roggiadeicedri.it\/#website"},"datePublished":"2022-07-18T08:15:47+00:00","dateModified":"2023-01-16T08:12:46+00:00","description":"Il nostro resort naturalistico Roggia dei Cedri, struttura finanziata con i fondi del progetto POR FESR stanziati per la regione Veneto","breadcrumb":{"@id":"https:\/\/roggiadeicedri.it\/de\/projekt-por\/#breadcrumb"},"inLanguage":"de-CH","potentialAction":[{"@type":"ReadAction","target":["https:\/\/roggiadeicedri.it\/de\/projekt-por\/"]}]},{"@type":"BreadcrumbList","@id":"https:\/\/roggiadeicedri.it\/de\/projekt-por\/#breadcrumb","itemListElement":[{"@type":"ListItem","position":1,"name":"Startseite","item":"https:\/\/roggiadeicedri.it\/"},{"@type":"ListItem","position":2,"name":"Projekt POR"}]},{"@type":"WebSite","@id":"https:\/\/roggiadeicedri.it\/de\/#website","url":"https:\/\/roggiadeicedri.it\/de\/","name":"Roggia dei Cedri","description":"Ein entspannender Ausflug nach Valdobbiadene","publisher":{"@id":"https:\/\/roggiadeicedri.it\/de\/#organization"},"potentialAction":[{"@type":"SearchAction","target":{"@type":"EntryPoint","urlTemplate":"https:\/\/roggiadeicedri.it\/de\/?s={search_term_string}"},"query-input":"required name=search_term_string"}],"inLanguage":"de-CH"},{"@type":"Organization","@id":"https:\/\/roggiadeicedri.it\/de\/#organization","name":"Roggia dei Cedri","url":"https:\/\/roggiadeicedri.it\/de\/","logo":{"@type":"ImageObject","inLanguage":"de-CH","@id":"https:\/\/roggiadeicedri.it\/de\/#\/schema\/logo\/image\/","url":"https:\/\/roggiadeicedri.it\/wp-content\/uploads\/2022\/06\/Logo-Roggia-dei-Cedri_trasparente.png","contentUrl":"https:\/\/roggiadeicedri.it\/wp-content\/uploads\/2022\/06\/Logo-Roggia-dei-Cedri_trasparente.png","width":2084,"height":2084,"caption":"Roggia dei Cedri"},"image":{"@id":"https:\/\/roggiadeicedri.it\/de\/#\/schema\/logo\/image\/"}}]}},"_links":{"self":[{"href":"https:\/\/roggiadeicedri.it\/de\/wp-json\/wp\/v2\/pages\/1610"}],"collection":[{"href":"https:\/\/roggiadeicedri.it\/de\/wp-json\/wp\/v2\/pages"}],"about":[{"href":"https:\/\/roggiadeicedri.it\/de\/wp-json\/wp\/v2\/types\/page"}],"author":[{"embeddable":true,"href":"https:\/\/roggiadeicedri.it\/de\/wp-json\/wp\/v2\/users\/1"}],"replies":[{"embeddable":true,"href":"https:\/\/roggiadeicedri.it\/de\/wp-json\/wp\/v2\/comments?post=1610"}],"version-history":[{"count":54,"href":"https:\/\/roggiadeicedri.it\/de\/wp-json\/wp\/v2\/pages\/1610\/revisions"}],"predecessor-version":[{"id":3154,"href":"https:\/\/roggiadeicedri.it\/de\/wp-json\/wp\/v2\/pages\/1610\/revisions\/3154"}],"wp:featuredmedia":[{"embeddable":true,"href":"https:\/\/roggiadeicedri.it\/de\/wp-json\/wp\/v2\/media\/1614"}],"wp:attachment":[{"href":"https:\/\/roggiadeicedri.it\/de\/wp-json\/wp\/v2\/media?parent=1610"}],"curies":[{"name":"wp","href":"https:\/\/api.w.org\/{rel}","templated":true}]}}