{"id":11,"date":"2022-02-16T11:32:48","date_gmt":"2022-02-16T10:32:48","guid":{"rendered":"http:\/\/roggiadeicedri.it\/?page_id=11"},"modified":"2023-01-18T17:59:38","modified_gmt":"2023-01-18T16:59:38","slug":"storia-e-progetto","status":"publish","type":"page","link":"https:\/\/roggiadeicedri.it\/de\/geschichte-und-projekt\/","title":{"rendered":"Geschichte"},"content":{"rendered":"\t\t<div data-elementor-type=\"wp-page\" data-elementor-id=\"11\" class=\"elementor elementor-11\">\n\t\t\t\t\t\t\t\t\t<section class=\"elementor-section elementor-top-section elementor-element elementor-element-34bc9ee elementor-section-height-min-height elementor-section-boxed elementor-section-height-default elementor-section-items-middle\" data-id=\"34bc9ee\" data-element_type=\"section\" data-settings=\"{&quot;background_background&quot;:&quot;video&quot;,&quot;background_video_link&quot;:&quot;https:\\\/\\\/roggiadeicedri.it\\\/wp-content\\\/uploads\\\/2022\\\/06\\\/video-storia.mp4&quot;,&quot;background_video_start&quot;:4,&quot;background_play_on_mobile&quot;:&quot;yes&quot;}\">\n\t\t\t\t\t\t\t\t<div class=\"elementor-background-video-container\">\n\t\t\t\t\t\t\t\t\t\t\t\t\t<video class=\"elementor-background-video-hosted elementor-html5-video\" autoplay muted playsinline loop><\/video>\n\t\t\t\t\t\t\t\t\t\t\t<\/div>\n\t\t\t\t\t\t\t\t\t<div class=\"elementor-background-overlay\"><\/div>\n\t\t\t\t\t\t\t<div class=\"elementor-container elementor-column-gap-default\">\n\t\t\t\t\t<div class=\"elementor-column elementor-col-100 elementor-top-column elementor-element elementor-element-9ca247d\" data-id=\"9ca247d\" data-element_type=\"column\">\n\t\t\t<div class=\"elementor-widget-wrap elementor-element-populated\">\n\t\t\t\t\t\t\t\t<div class=\"elementor-element elementor-element-ff45d4b elementor-widget elementor-widget-heading\" data-id=\"ff45d4b\" data-element_type=\"widget\" data-widget_type=\"heading.default\">\n\t\t\t\t<div class=\"elementor-widget-container\">\n\t\t\t<h3 class=\"elementor-heading-title elementor-size-default\">Die Geschichte von Roggia Dei Cedri<\/h3>\t\t<\/div>\n\t\t\t\t<\/div>\n\t\t\t\t<div class=\"elementor-element elementor-element-08517dc elementor-widget elementor-widget-heading\" data-id=\"08517dc\" data-element_type=\"widget\" data-widget_type=\"heading.default\">\n\t\t\t\t<div class=\"elementor-widget-container\">\n\t\t\t<h1 class=\"elementor-heading-title elementor-size-default\">Das Projekt<\/h1>\t\t<\/div>\n\t\t\t\t<\/div>\n\t\t\t\t\t<\/div>\n\t\t<\/div>\n\t\t\t\t\t\t\t<\/div>\n\t\t<\/section>\n\t\t\t\t<section class=\"elementor-section elementor-top-section elementor-element elementor-element-1361f5d elementor-section-full_width elementor-section-height-min-height elementor-section-height-default elementor-section-items-middle\" data-id=\"1361f5d\" data-element_type=\"section\" data-settings=\"{&quot;background_background&quot;:&quot;classic&quot;}\">\n\t\t\t\t\t\t\t<div class=\"elementor-background-overlay\"><\/div>\n\t\t\t\t\t\t\t<div class=\"elementor-container elementor-column-gap-default\">\n\t\t\t\t\t<div class=\"elementor-column elementor-col-25 elementor-top-column elementor-element elementor-element-473e612\" data-id=\"473e612\" data-element_type=\"column\">\n\t\t\t<div class=\"elementor-widget-wrap\">\n\t\t\t\t\t\t\t\t\t<\/div>\n\t\t<\/div>\n\t\t\t\t<div class=\"elementor-column elementor-col-25 elementor-top-column elementor-element elementor-element-16a1557\" data-id=\"16a1557\" data-element_type=\"column\">\n\t\t\t<div class=\"elementor-widget-wrap elementor-element-populated\">\n\t\t\t\t\t\t\t\t<div class=\"elementor-element elementor-element-b5c5af4 elementor-widget elementor-widget-breadcrumbs\" data-id=\"b5c5af4\" data-element_type=\"widget\" data-widget_type=\"breadcrumbs.default\">\n\t\t\t\t<div class=\"elementor-widget-container\">\n\t\t\t<p id=\"breadcrumbs\"><span><span><a href=\"https:\/\/roggiadeicedri.it\/\">Startseite<\/a><\/span><\/span><\/p>\t\t<\/div>\n\t\t\t\t<\/div>\n\t\t\t\t<div class=\"elementor-element elementor-element-641b7ee elementor-widget elementor-widget-heading\" data-id=\"641b7ee\" data-element_type=\"widget\" data-widget_type=\"heading.default\">\n\t\t\t\t<div class=\"elementor-widget-container\">\n\t\t\t<h3 class=\"elementor-heading-title elementor-size-default\">Die Entw\u00fcrfe des Architekten<\/h3>\t\t<\/div>\n\t\t\t\t<\/div>\n\t\t\t\t<div class=\"elementor-element elementor-element-2fae640 elementor-widget elementor-widget-heading\" data-id=\"2fae640\" data-element_type=\"widget\" data-widget_type=\"heading.default\">\n\t\t\t\t<div class=\"elementor-widget-container\">\n\t\t\t<h2 class=\"elementor-heading-title elementor-size-default\">Projektideen<\/h2>\t\t<\/div>\n\t\t\t\t<\/div>\n\t\t\t\t<div class=\"elementor-element elementor-element-00c97a4 elementor-widget elementor-widget-text-editor\" data-id=\"00c97a4\" data-element_type=\"widget\" data-widget_type=\"text-editor.default\">\n\t\t\t\t<div class=\"elementor-widget-container\">\n\t\t\t\t\t\t\t<p>Das <strong>Projekt<\/strong> wurde auf der Grundlage der Forderung nach <strong>Diversifizierung und Innovation des Tourismusangebots entwickelt<\/strong>.<br \/>Die Ma\u00dfnahme umfasst den Bau von f\u00fcnf Einheiten f\u00fcr den Empfang von Touristen und in Zukunft ein Geb\u00e4ude, das unseren Antrag vervollst\u00e4ndigen wird.<\/p>\t\t\t\t\t\t<\/div>\n\t\t\t\t<\/div>\n\t\t\t\t\t<\/div>\n\t\t<\/div>\n\t\t\t\t<div class=\"elementor-column elementor-col-25 elementor-top-column elementor-element elementor-element-f0fc8b3 elementor-hidden-widescreen elementor-hidden-laptop elementor-hidden-tablet_extra elementor-hidden-tablet\" data-id=\"f0fc8b3\" data-element_type=\"column\" data-settings=\"{&quot;background_background&quot;:&quot;classic&quot;}\">\n\t\t\t<div class=\"elementor-widget-wrap elementor-element-populated\">\n\t\t\t\t\t\t\t\t\t<\/div>\n\t\t<\/div>\n\t\t\t\t<div class=\"elementor-column elementor-col-25 elementor-top-column elementor-element elementor-element-6f5aba0\" data-id=\"6f5aba0\" data-element_type=\"column\">\n\t\t\t<div class=\"elementor-widget-wrap\">\n\t\t\t\t\t\t\t\t\t<\/div>\n\t\t<\/div>\n\t\t\t\t\t\t\t<\/div>\n\t\t<\/section>\n\t\t\t\t<section class=\"elementor-section elementor-top-section elementor-element elementor-element-1c6422f elementor-reverse-widescreen elementor-reverse-laptop elementor-reverse-tablet_extra elementor-reverse-tablet elementor-reverse-mobile_extra elementor-reverse-mobile elementor-section-boxed elementor-section-height-default elementor-section-height-default\" data-id=\"1c6422f\" data-element_type=\"section\" data-settings=\"{&quot;background_background&quot;:&quot;classic&quot;}\">\n\t\t\t\t\t\t\t<div class=\"elementor-background-overlay\"><\/div>\n\t\t\t\t\t\t\t<div class=\"elementor-container elementor-column-gap-default\">\n\t\t\t\t\t<div class=\"elementor-column elementor-col-50 elementor-top-column elementor-element elementor-element-8d7d0cc\" data-id=\"8d7d0cc\" data-element_type=\"column\">\n\t\t\t<div class=\"elementor-widget-wrap elementor-element-populated\">\n\t\t\t\t\t\t\t\t<div class=\"elementor-element elementor-element-6bd8626 elementor-skin-carousel elementor-arrows-yes elementor-pagination-type-bullets elementor-pagination-position-outside elementor-widget elementor-widget-media-carousel\" data-id=\"6bd8626\" data-element_type=\"widget\" data-settings=\"{&quot;slides_per_view&quot;:&quot;1&quot;,&quot;slides_per_view_laptop&quot;:&quot;1&quot;,&quot;slides_per_view_tablet_extra&quot;:&quot;1&quot;,&quot;slides_per_view_tablet&quot;:&quot;2&quot;,&quot;slides_per_view_mobile_extra&quot;:&quot;2&quot;,&quot;skin&quot;:&quot;carousel&quot;,&quot;effect&quot;:&quot;slide&quot;,&quot;show_arrows&quot;:&quot;yes&quot;,&quot;pagination&quot;:&quot;bullets&quot;,&quot;speed&quot;:500,&quot;autoplay&quot;:&quot;yes&quot;,&quot;autoplay_speed&quot;:5000,&quot;loop&quot;:&quot;yes&quot;,&quot;pause_on_hover&quot;:&quot;yes&quot;,&quot;pause_on_interaction&quot;:&quot;yes&quot;,&quot;space_between&quot;:{&quot;unit&quot;:&quot;px&quot;,&quot;size&quot;:10,&quot;sizes&quot;:[]},&quot;space_between_widescreen&quot;:{&quot;unit&quot;:&quot;px&quot;,&quot;size&quot;:10,&quot;sizes&quot;:[]},&quot;space_between_laptop&quot;:{&quot;unit&quot;:&quot;px&quot;,&quot;size&quot;:10,&quot;sizes&quot;:[]},&quot;space_between_tablet_extra&quot;:{&quot;unit&quot;:&quot;px&quot;,&quot;size&quot;:10,&quot;sizes&quot;:[]},&quot;space_between_tablet&quot;:{&quot;unit&quot;:&quot;px&quot;,&quot;size&quot;:10,&quot;sizes&quot;:[]},&quot;space_between_mobile_extra&quot;:{&quot;unit&quot;:&quot;px&quot;,&quot;size&quot;:10,&quot;sizes&quot;:[]},&quot;space_between_mobile&quot;:{&quot;unit&quot;:&quot;px&quot;,&quot;size&quot;:10,&quot;sizes&quot;:[]}}\" data-widget_type=\"media-carousel.default\">\n\t\t\t\t<div class=\"elementor-widget-container\">\n\t\t\t\t\t<div class=\"elementor-swiper\">\n\t\t\t<div class=\"elementor-main-swiper swiper-container\">\n\t\t\t\t<div class=\"swiper-wrapper\">\n\t\t\t\t\t\t\t\t\t\t\t<div class=\"swiper-slide\">\n\t\t\t\t\t\t\t\t\t<div class=\"elementor-carousel-image\" style=\"background-image: url(&#039;https:\/\/roggiadeicedri.it\/wp-content\/uploads\/2022\/02\/schizzo-progetto3.jpg&#039;)\">\n\n\t\t\t\n\t\t\t\t\t<\/div>\n\t\t\t\t\t\t\t\t<\/div>\n\t\t\t\t\t\t\t\t\t\t\t<div class=\"swiper-slide\">\n\t\t\t\t\t\t\t\t\t<div class=\"elementor-carousel-image\" style=\"background-image: url(&#039;https:\/\/roggiadeicedri.it\/wp-content\/uploads\/2022\/02\/schizzo-progetto1.jpg&#039;)\">\n\n\t\t\t\n\t\t\t\t\t<\/div>\n\t\t\t\t\t\t\t\t<\/div>\n\t\t\t\t\t\t\t\t\t\t\t<div class=\"swiper-slide\">\n\t\t\t\t\t\t\t\t\t<div class=\"elementor-carousel-image\" style=\"background-image: url(&#039;https:\/\/roggiadeicedri.it\/wp-content\/uploads\/2022\/02\/schizzo-progetto2.jpg&#039;)\">\n\n\t\t\t\n\t\t\t\t\t<\/div>\n\t\t\t\t\t\t\t\t<\/div>\n\t\t\t\t\t\t\t\t\t<\/div>\n\t\t\t\t\t\t\t\t\t\t\t\t\t\t\t<div class=\"swiper-pagination\"><\/div>\n\t\t\t\t\t\t\t\t\t\t\t\t\t\t\t\t<div class=\"elementor-swiper-button elementor-swiper-button-prev\">\n\t\t\t\t\t\t\t<i aria-hidden=\"true\" class=\"eicon-chevron-left\"><\/i>\t\t\t\t\t\t\t<span class=\"elementor-screen-only\">Previous<\/span>\n\t\t\t\t\t\t<\/div>\n\t\t\t\t\t\t<div class=\"elementor-swiper-button elementor-swiper-button-next\">\n\t\t\t\t\t\t\t<i aria-hidden=\"true\" class=\"eicon-chevron-right\"><\/i>\t\t\t\t\t\t\t<span class=\"elementor-screen-only\">Next<\/span>\n\t\t\t\t\t\t<\/div>\n\t\t\t\t\t\t\t\t\t\t\t\t<\/div>\n\t\t<\/div>\n\t\t\t\t<\/div>\n\t\t\t\t<\/div>\n\t\t\t\t\t<\/div>\n\t\t<\/div>\n\t\t\t\t<div class=\"elementor-column elementor-col-50 elementor-top-column elementor-element elementor-element-7a37889\" data-id=\"7a37889\" data-element_type=\"column\">\n\t\t\t<div class=\"elementor-widget-wrap elementor-element-populated\">\n\t\t\t\t\t\t\t\t<div class=\"elementor-element elementor-element-2a036ca elementor-widget elementor-widget-heading\" data-id=\"2a036ca\" data-element_type=\"widget\" data-widget_type=\"heading.default\">\n\t\t\t\t<div class=\"elementor-widget-container\">\n\t\t\t<h3 class=\"elementor-heading-title elementor-size-default\">Unsere Inspiration<\/h3>\t\t<\/div>\n\t\t\t\t<\/div>\n\t\t\t\t<div class=\"elementor-element elementor-element-c9f0f9a elementor-widget elementor-widget-heading\" data-id=\"c9f0f9a\" data-element_type=\"widget\" data-widget_type=\"heading.default\">\n\t\t\t\t<div class=\"elementor-widget-container\">\n\t\t\t<h2 class=\"elementor-heading-title elementor-size-default\">Der Roggia Bew\u00e4sserungskanal<\/h2>\t\t<\/div>\n\t\t\t\t<\/div>\n\t\t\t\t<div class=\"elementor-element elementor-element-206ac42 elementor-widget elementor-widget-text-editor\" data-id=\"206ac42\" data-element_type=\"widget\" data-widget_type=\"text-editor.default\">\n\t\t\t\t<div class=\"elementor-widget-container\">\n\t\t\t\t\t\t\t<p>Der Cordana-Kanal und das umliegende Gebiet wurden durch Wiederaufbauarbeiten an den Ufern und im Flussbett aufgewertet.<\/p><p><strong>Der verwendete Stein ist Biancone di Asiago<\/strong>, der auch zur Eind\u00e4mmung des Bodens um die Bauwerke herum verwendet wird<\/p>\t\t\t\t\t\t<\/div>\n\t\t\t\t<\/div>\n\t\t\t\t\t<\/div>\n\t\t<\/div>\n\t\t\t\t\t\t\t<\/div>\n\t\t<\/section>\n\t\t\t\t<section class=\"elementor-section elementor-top-section elementor-element elementor-element-916b3f4 elementor-section-full_width elementor-section-height-min-height elementor-section-height-default elementor-section-items-middle\" data-id=\"916b3f4\" data-element_type=\"section\">\n\t\t\t\t\t\t\t<div class=\"elementor-background-overlay\"><\/div>\n\t\t\t\t\t\t\t<div class=\"elementor-container elementor-column-gap-default\">\n\t\t\t\t\t<div class=\"elementor-column elementor-col-25 elementor-top-column elementor-element elementor-element-3fbee48\" data-id=\"3fbee48\" data-element_type=\"column\">\n\t\t\t<div class=\"elementor-widget-wrap\">\n\t\t\t\t\t\t\t\t\t<\/div>\n\t\t<\/div>\n\t\t\t\t<div class=\"elementor-column elementor-col-25 elementor-top-column elementor-element elementor-element-a2360bf\" data-id=\"a2360bf\" data-element_type=\"column\" data-settings=\"{&quot;background_background&quot;:&quot;classic&quot;}\">\n\t\t\t<div class=\"elementor-widget-wrap elementor-element-populated\">\n\t\t\t\t\t<div class=\"elementor-background-overlay\"><\/div>\n\t\t\t\t\t\t\t\t<div class=\"elementor-element elementor-element-25a93f9 elementor-widget elementor-widget-heading\" data-id=\"25a93f9\" data-element_type=\"widget\" data-widget_type=\"heading.default\">\n\t\t\t\t<div class=\"elementor-widget-container\">\n\t\t\t<h3 class=\"elementor-heading-title elementor-size-default\">Zufriedenheit<\/h3>\t\t<\/div>\n\t\t\t\t<\/div>\n\t\t\t\t<div class=\"elementor-element elementor-element-d36c833 elementor-widget elementor-widget-heading\" data-id=\"d36c833\" data-element_type=\"widget\" data-widget_type=\"heading.default\">\n\t\t\t\t<div class=\"elementor-widget-container\">\n\t\t\t<h2 class=\"elementor-heading-title elementor-size-default\">Die Umsetzung<\/h2>\t\t<\/div>\n\t\t\t\t<\/div>\n\t\t\t\t<div class=\"elementor-element elementor-element-9365d0c elementor-widget elementor-widget-text-editor\" data-id=\"9365d0c\" data-element_type=\"widget\" data-widget_type=\"text-editor.default\">\n\t\t\t\t<div class=\"elementor-widget-container\">\n\t\t\t\t\t\t\t<p><strong>Die Geb\u00e4ude<\/strong> haben eine \u201eelliptisch-konische\u201c <strong>Form und sind au\u00dfen mit Naturkastanienholz verkleidet.<\/strong> Eine kleine Veranda sch\u00fctzt den Eingangsbereich und erm\u00f6glicht den G\u00e4sten den Aufenthalt im Freien. Die Strukturen wurden vorgefertigt und vor Ort in Bl\u00f6cken zusammengesetzt.<\/p><p>Der Gartenbereich wurde durch den Erhalt der wichtigsten B\u00e4ume aufgewertet und mit einer Vielzahl von <strong>immergr\u00fcnen Pflanzen<\/strong> bereichert.<\/p><p>Die Parkfl\u00e4chen und internen Stra\u00dfen hingegen wurden mit Drainagematerial behandelt.<\/p><p>\u00a0<\/p>\t\t\t\t\t\t<\/div>\n\t\t\t\t<\/div>\n\t\t\t\t\t<\/div>\n\t\t<\/div>\n\t\t\t\t<div class=\"elementor-column elementor-col-25 elementor-top-column elementor-element elementor-element-67753f9 elementor-hidden-widescreen elementor-hidden-laptop elementor-hidden-tablet_extra elementor-hidden-tablet\" data-id=\"67753f9\" data-element_type=\"column\">\n\t\t\t<div class=\"elementor-widget-wrap\">\n\t\t\t\t\t\t\t\t\t<\/div>\n\t\t<\/div>\n\t\t\t\t<div class=\"elementor-column elementor-col-25 elementor-top-column elementor-element elementor-element-2e5023d elementor-hidden-mobile_extra\" data-id=\"2e5023d\" data-element_type=\"column\">\n\t\t\t<div class=\"elementor-widget-wrap\">\n\t\t\t\t\t\t\t\t\t<\/div>\n\t\t<\/div>\n\t\t\t\t\t\t\t<\/div>\n\t\t<\/section>\n\t\t\t\t\t\t\t<\/div>\n\t\t","protected":false},"excerpt":{"rendered":"<p>La storia di Roggia dei Cedri Il progetto Le bozze dell&#8217;Architetto Le idee progettuali Il progetto \u00e8 stato sviluppato in base alla richiesta della diversificazione ed innovazione dell&#8217;offerta turistica.L&#8217;intervento prevede la realizzazione\u00a0 di cinque unit\u00e0 per l&#8217;accoglienza dei turisti e nel futuro di un edificio che completer\u00e0 la nostra proposta. Precedente Successivo La nostra ispirazione [&hellip;]<\/p>\n","protected":false},"author":1,"featured_media":990,"parent":0,"menu_order":0,"comment_status":"closed","ping_status":"closed","template":"","meta":[],"yoast_head":"<!-- This site is optimized with the Yoast SEO plugin v20.1 - https:\/\/yoast.com\/wordpress\/plugins\/seo\/ -->\n<title>Geschichte - Roggia dei Cedri<\/title>\n<meta name=\"robots\" content=\"index, follow, max-snippet:-1, max-image-preview:large, max-video-preview:-1\" \/>\n<link rel=\"canonical\" href=\"https:\/\/roggiadeicedri.it\/de\/geschichte-und-projekt\/\" \/>\n<meta property=\"og:locale\" content=\"de_DE\" \/>\n<meta property=\"og:type\" content=\"article\" \/>\n<meta property=\"og:title\" content=\"Geschichte - Roggia dei Cedri\" \/>\n<meta property=\"og:url\" content=\"https:\/\/roggiadeicedri.it\/de\/geschichte-und-projekt\/\" \/>\n<meta property=\"og:site_name\" content=\"Roggia dei Cedri\" \/>\n<meta property=\"article:modified_time\" content=\"2023-01-18T16:59:38+00:00\" \/>\n<meta property=\"og:image\" content=\"https:\/\/roggiadeicedri.it\/wp-content\/uploads\/2022\/06\/schizzo-progetto-azzurrino-1.png\" \/>\n\t<meta property=\"og:image:width\" content=\"1920\" \/>\n\t<meta property=\"og:image:height\" content=\"1338\" \/>\n\t<meta property=\"og:image:type\" content=\"image\/png\" \/>\n<meta name=\"twitter:card\" content=\"summary_large_image\" \/>\n<meta name=\"twitter:label1\" content=\"Est. reading time\" \/>\n\t<meta name=\"twitter:data1\" content=\"1 Minute\" \/>\n<script type=\"application\/ld+json\" class=\"yoast-schema-graph\">{\"@context\":\"https:\/\/schema.org\",\"@graph\":[{\"@type\":\"WebPage\",\"@id\":\"https:\/\/roggiadeicedri.it\/de\/de\/geschichte-und-projekt\/\",\"url\":\"https:\/\/roggiadeicedri.it\/de\/de\/geschichte-und-projekt\/\",\"name\":\"Storia - Roggia dei Cedri\",\"isPartOf\":{\"@id\":\"https:\/\/roggiadeicedri.it\/#website\"},\"datePublished\":\"2022-02-16T10:32:48+00:00\",\"dateModified\":\"2023-01-18T16:59:38+00:00\",\"description\":\"La storia di come \u00e8 nato il progetto della Roggia dei Cedri, strutture in legno di castagno e biancone di Asiago per le pietre della roggia.\",\"breadcrumb\":{\"@id\":\"https:\/\/roggiadeicedri.it\/de\/geschichte-und-projekt\/#breadcrumb\"},\"inLanguage\":\"de-CH\",\"potentialAction\":[{\"@type\":\"ReadAction\",\"target\":[\"https:\/\/roggiadeicedri.it\/de\/geschichte-und-projekt\/\"]}]},{\"@type\":\"BreadcrumbList\",\"@id\":\"https:\/\/roggiadeicedri.it\/de\/geschichte-und-projekt\/#breadcrumb\",\"itemListElement\":[{\"@type\":\"ListItem\",\"position\":1,\"name\":\"Startseite\",\"item\":\"https:\/\/roggiadeicedri.it\/\"},{\"@type\":\"ListItem\",\"position\":2,\"name\":\"Geschichte\"}]},{\"@type\":\"WebSite\",\"@id\":\"https:\/\/roggiadeicedri.it\/de\/#website\",\"url\":\"https:\/\/roggiadeicedri.it\/de\/\",\"name\":\"Roggia dei Cedri\",\"description\":\"Ein entspannender Ausflug nach Valdobbiadene\",\"publisher\":{\"@id\":\"https:\/\/roggiadeicedri.it\/de\/#organization\"},\"potentialAction\":[{\"@type\":\"SearchAction\",\"target\":{\"@type\":\"EntryPoint\",\"urlTemplate\":\"https:\/\/roggiadeicedri.it\/de\/?s={search_term_string}\"},\"query-input\":\"required name=search_term_string\"}],\"inLanguage\":\"de-CH\"},{\"@type\":\"Organization\",\"@id\":\"https:\/\/roggiadeicedri.it\/de\/#organization\",\"name\":\"Roggia dei Cedri\",\"url\":\"https:\/\/roggiadeicedri.it\/de\/\",\"logo\":{\"@type\":\"ImageObject\",\"inLanguage\":\"de-CH\",\"@id\":\"https:\/\/roggiadeicedri.it\/de\/#\/schema\/logo\/image\/\",\"url\":\"https:\/\/roggiadeicedri.it\/wp-content\/uploads\/2022\/06\/Logo-Roggia-dei-Cedri_trasparente.png\",\"contentUrl\":\"https:\/\/roggiadeicedri.it\/wp-content\/uploads\/2022\/06\/Logo-Roggia-dei-Cedri_trasparente.png\",\"width\":2084,\"height\":2084,\"caption\":\"Roggia dei Cedri\"},\"image\":{\"@id\":\"https:\/\/roggiadeicedri.it\/de\/#\/schema\/logo\/image\/\"}}]}<\/script>\n<!-- \/ Yoast SEO plugin. -->","yoast_head_json":{"title":"Geschichte - Roggia dei Cedri","robots":{"index":"index","follow":"follow","max-snippet":"max-snippet:-1","max-image-preview":"max-image-preview:large","max-video-preview":"max-video-preview:-1"},"canonical":"https:\/\/roggiadeicedri.it\/de\/geschichte-und-projekt\/","og_locale":"de_DE","og_type":"article","og_title":"Geschichte - Roggia dei Cedri","og_url":"https:\/\/roggiadeicedri.it\/de\/geschichte-und-projekt\/","og_site_name":"Roggia dei Cedri","article_modified_time":"2023-01-18T16:59:38+00:00","og_image":[{"width":1920,"height":1338,"url":"https:\/\/roggiadeicedri.it\/wp-content\/uploads\/2022\/06\/schizzo-progetto-azzurrino-1.png","type":"image\/png"}],"twitter_card":"summary_large_image","twitter_misc":{"Est. reading time":"1 Minute"},"schema":{"@context":"https:\/\/schema.org","@graph":[{"@type":"WebPage","@id":"https:\/\/roggiadeicedri.it\/de\/de\/geschichte-und-projekt\/","url":"https:\/\/roggiadeicedri.it\/de\/de\/geschichte-und-projekt\/","name":"Storia - Roggia dei Cedri","isPartOf":{"@id":"https:\/\/roggiadeicedri.it\/#website"},"datePublished":"2022-02-16T10:32:48+00:00","dateModified":"2023-01-18T16:59:38+00:00","description":"La storia di come \u00e8 nato il progetto della Roggia dei Cedri, strutture in legno di castagno e biancone di Asiago per le pietre della roggia.","breadcrumb":{"@id":"https:\/\/roggiadeicedri.it\/de\/geschichte-und-projekt\/#breadcrumb"},"inLanguage":"de-CH","potentialAction":[{"@type":"ReadAction","target":["https:\/\/roggiadeicedri.it\/de\/geschichte-und-projekt\/"]}]},{"@type":"BreadcrumbList","@id":"https:\/\/roggiadeicedri.it\/de\/geschichte-und-projekt\/#breadcrumb","itemListElement":[{"@type":"ListItem","position":1,"name":"Startseite","item":"https:\/\/roggiadeicedri.it\/"},{"@type":"ListItem","position":2,"name":"Geschichte"}]},{"@type":"WebSite","@id":"https:\/\/roggiadeicedri.it\/de\/#website","url":"https:\/\/roggiadeicedri.it\/de\/","name":"Roggia dei Cedri","description":"Ein entspannender Ausflug nach Valdobbiadene","publisher":{"@id":"https:\/\/roggiadeicedri.it\/de\/#organization"},"potentialAction":[{"@type":"SearchAction","target":{"@type":"EntryPoint","urlTemplate":"https:\/\/roggiadeicedri.it\/de\/?s={search_term_string}"},"query-input":"required name=search_term_string"}],"inLanguage":"de-CH"},{"@type":"Organization","@id":"https:\/\/roggiadeicedri.it\/de\/#organization","name":"Roggia dei Cedri","url":"https:\/\/roggiadeicedri.it\/de\/","logo":{"@type":"ImageObject","inLanguage":"de-CH","@id":"https:\/\/roggiadeicedri.it\/de\/#\/schema\/logo\/image\/","url":"https:\/\/roggiadeicedri.it\/wp-content\/uploads\/2022\/06\/Logo-Roggia-dei-Cedri_trasparente.png","contentUrl":"https:\/\/roggiadeicedri.it\/wp-content\/uploads\/2022\/06\/Logo-Roggia-dei-Cedri_trasparente.png","width":2084,"height":2084,"caption":"Roggia dei Cedri"},"image":{"@id":"https:\/\/roggiadeicedri.it\/de\/#\/schema\/logo\/image\/"}}]}},"_links":{"self":[{"href":"https:\/\/roggiadeicedri.it\/de\/wp-json\/wp\/v2\/pages\/11"}],"collection":[{"href":"https:\/\/roggiadeicedri.it\/de\/wp-json\/wp\/v2\/pages"}],"about":[{"href":"https:\/\/roggiadeicedri.it\/de\/wp-json\/wp\/v2\/types\/page"}],"author":[{"embeddable":true,"href":"https:\/\/roggiadeicedri.it\/de\/wp-json\/wp\/v2\/users\/1"}],"replies":[{"embeddable":true,"href":"https:\/\/roggiadeicedri.it\/de\/wp-json\/wp\/v2\/comments?post=11"}],"version-history":[{"count":178,"href":"https:\/\/roggiadeicedri.it\/de\/wp-json\/wp\/v2\/pages\/11\/revisions"}],"predecessor-version":[{"id":4004,"href":"https:\/\/roggiadeicedri.it\/de\/wp-json\/wp\/v2\/pages\/11\/revisions\/4004"}],"wp:featuredmedia":[{"embeddable":true,"href":"https:\/\/roggiadeicedri.it\/de\/wp-json\/wp\/v2\/media\/990"}],"wp:attachment":[{"href":"https:\/\/roggiadeicedri.it\/de\/wp-json\/wp\/v2\/media?parent=11"}],"curies":[{"name":"wp","href":"https:\/\/api.w.org\/{rel}","templated":true}]}}